{"id":344,"date":"2020-02-18T12:56:02","date_gmt":"2020-02-18T12:56:02","guid":{"rendered":"http:\/\/crp.pt\/?page_id=344"},"modified":"2024-02-08T10:42:48","modified_gmt":"2024-02-08T10:42:48","slug":"apresentacao","status":"publish","type":"page","link":"https:\/\/crp.pt\/index.php\/apresentacao\/","title":{"rendered":"Apresenta\u00e7\u00e3o"},"content":{"rendered":"<p>[et_pb_section fb_built=&#8221;1&#8243; admin_label=&#8221;About Section&#8221; _builder_version=&#8221;4.16&#8243; background_color=&#8221;#f7f7f7&#8243; parallax=&#8221;on&#8221; custom_padding=&#8221;60px||30px||false|false&#8221; global_colors_info=&#8221;{}&#8221;][et_pb_row column_structure=&#8221;1_4,3_4&#8243; admin_label=&#8221;About Title Area&#8221; _builder_version=&#8221;4.18.0&#8243; locked=&#8221;off&#8221; global_colors_info=&#8221;{}&#8221;][et_pb_column type=&#8221;1_4&#8243; _builder_version=&#8221;4.16&#8243; custom_padding=&#8221;|||&#8221; global_colors_info=&#8221;{}&#8221; custom_padding__hover=&#8221;|||&#8221;][et_pb_text admin_label=&#8221;Title&#8221; _builder_version=&#8221;4.18.0&#8243; text_font=&#8221;||||||||&#8221; header_font=&#8221;||||||||&#8221; header_2_font=&#8221;Nunito Sans||||||||&#8221; header_2_text_color=&#8221;#1c1d1d&#8221; header_2_font_size=&#8221;36px&#8221; header_2_line_height=&#8221;1.5em&#8221; custom_margin=&#8221;||30px||false|false&#8221; custom_padding=&#8221;|||&#8221; animation_direction=&#8221;left&#8221; global_colors_info=&#8221;{}&#8221;]<\/p>\n<h2>Sobre o CRP<\/h2>\n<p>[\/et_pb_text][et_pb_button button_url=&#8221;https:\/\/crp.pt\/wp-content\/uploads\/2023\/11\/Estatutos-CRP.pdf&#8221; button_text=&#8221;Estatutos&#8221; button_alignment=&#8221;left&#8221; _builder_version=&#8221;4.20.2&#8243; custom_button=&#8221;on&#8221; button_text_color=&#8221;#00476B&#8221; button_bg_color=&#8221;rgba(0,0,0,0)&#8221; button_border_color=&#8221;#00476b&#8221; button_font=&#8221;Nunito Sans|600|||||||&#8221; button_icon=&#8221;&#x26;||divi||400&#8243; hover_enabled=&#8221;0&#8243; global_colors_info=&#8221;{}&#8221; sticky_enabled=&#8221;0&#8243;][\/et_pb_button][et_pb_button button_url=&#8221;\/index.php\/objetivos\/&#8221; button_text=&#8221;Objetivos&#8221; button_alignment=&#8221;left&#8221; _builder_version=&#8221;4.16&#8243; custom_button=&#8221;on&#8221; button_text_color=&#8221;#00476b&#8221; button_bg_color=&#8221;rgba(0,0,0,0)&#8221; button_border_color=&#8221;#00476b&#8221; button_font=&#8221;Nunito Sans|600|||||||&#8221; button_icon=&#8221;&#x24;||divi||400&#8243; global_colors_info=&#8221;{}&#8221;][\/et_pb_button][et_pb_button button_url=&#8221;\/index.php\/atividades\/&#8221; button_text=&#8221;Atividades&#8221; button_alignment=&#8221;left&#8221; _builder_version=&#8221;4.16&#8243; custom_button=&#8221;on&#8221; button_text_color=&#8221;#00476b&#8221; button_bg_color=&#8221;rgba(0,0,0,0)&#8221; button_border_color=&#8221;#00476b&#8221; button_font=&#8221;Nunito Sans|600|||||||&#8221; button_icon=&#8221;&#x24;||divi||400&#8243; global_colors_info=&#8221;{}&#8221;][\/et_pb_button][\/et_pb_column][et_pb_column type=&#8221;3_4&#8243; _builder_version=&#8221;4.16&#8243; custom_padding=&#8221;|||&#8221; global_colors_info=&#8221;{}&#8221; custom_padding__hover=&#8221;|||&#8221;][et_pb_text _builder_version=&#8221;4.18.0&#8243; text_font=&#8221;Nunito Sans||||||||&#8221; text_font_size=&#8221;19px&#8221; text_line_height=&#8221;1.8em&#8221; global_colors_info=&#8221;{}&#8221;]<\/p>\n<p style=\"text-align: justify;\">O\u00a0<strong>Centro Rodoferrovi\u00e1rio Portugu\u00eas (CRP)<\/strong> \u00e9 uma associa\u00e7\u00e3o de direito privado, sem fins lucrativos, fundada em 1998 por 31 entidades p\u00fablicas e privadas, que tem por objecto estatut\u00e1rio \u201cestimular um melhor entendimento da relev\u00e2ncia do Transporte, e suas Infraestruturas, para o desenvolvimento econ\u00f3mico, para a sustentabilidade ambiental e inclus\u00e3o social, tendo nomeadamente em aten\u00e7\u00e3o a dimens\u00e3o p\u00fablica das pol\u00edticas de transporte\u201d. No presente, conta com cerca de tr\u00eas dezenas de associados, incluindo operadores de Transporte, empresas de constru\u00e7\u00e3o, empresas de consultoria e projecto, fornecedores de materiais e equipamentos e s\u00f3cios individuais.<\/p>\n<p style=\"text-align: justify;\">Entre 2000 e 2021, o CRP realizou mais de tr\u00eas dezenas de eventos cient\u00edficos e t\u00e9cnicos (congressos, semin\u00e1rios, cursos e jornadas t\u00e9cnicas), de que se destacam os dez Congressos Rodovi\u00e1rios Nacionais (2000, 2002, 2004, 2006, 2008, 2010, 2013, 2016, 2019, 2022), o Primeiro Congresso Rodovi\u00e1rio Europeu (1st European Road Congress, 2004), o 16\u00ba Congresso Mundial da IRF (2010), dois Cursos de Auditores de Seguran\u00e7a Rodovi\u00e1ria, em colabora\u00e7\u00e3o com a FUNDEC\/IST (2005, 2006), dois Encontros Nacionais sobre Estradas Municipais (2005, 2006), cinco Jornadas T\u00e9cnicas sobre Ambiente realizadas em colabora\u00e7\u00e3o com a CEPSA Betumes (2007, 2009, 2011, 2015, 2018), dois Semin\u00e1rios sobre Seguran\u00e7a Rodovi\u00e1ria em Meio Urbano (2011, 2018), tr\u00eas Cursos sobre Novos Ensaios para Caracteriza\u00e7\u00e3o Laboratorial de Agregados e de Misturas Betuminosas (2009, 2010, 2018), quatro Cursos sobre Ligantes Betuminosos nas Obras de Pavimenta\u00e7\u00e3o, em colabora\u00e7\u00e3o com o LNEC (2001, 2002, 2018, 2020), e um Semin\u00e1rio Internacional &#8220;Shaping the Future of Mobility&#8221; (2021).<\/p>\n<p>[\/et_pb_text][\/et_pb_column][\/et_pb_row][\/et_pb_section][et_pb_section fb_built=&#8221;1&#8243; admin_label=&#8221;N\u00fameros Section&#8221; _builder_version=&#8221;4.16&#8243; background_color=&#8221;#d8d8d7&#8243; background_enable_image=&#8221;off&#8221; parallax=&#8221;on&#8221; custom_padding=&#8221;50px||30px||false|false&#8221; global_colors_info=&#8221;{}&#8221;][et_pb_row column_structure=&#8221;1_3,1_3,1_3&#8243; admin_label=&#8221;N\u00fameros Area&#8221; _builder_version=&#8221;4.16&#8243; locked=&#8221;off&#8221; global_colors_info=&#8221;{}&#8221;][et_pb_column type=&#8221;1_3&#8243; _builder_version=&#8221;4.16&#8243; custom_padding=&#8221;|||&#8221; global_colors_info=&#8221;{}&#8221; custom_padding__hover=&#8221;|||&#8221;][et_pb_circle_counter title=&#8221;Anos&#8221; number=&#8221;25&#8243; percent_sign=&#8221;off&#8221; _builder_version=&#8221;4.20.2&#8243; title_font=&#8221;Nunito Sans|||on|||||&#8221; title_font_size=&#8221;12px&#8221; number_font=&#8221;Nunito Sans||||||||&#8221; number_text_color=&#8221;#1c1d1d&#8221; number_font_size=&#8221;72px&#8221; global_colors_info=&#8221;{}&#8221;][\/et_pb_circle_counter][\/et_pb_column][et_pb_column type=&#8221;1_3&#8243; _builder_version=&#8221;4.16&#8243; custom_padding=&#8221;|||&#8221; global_colors_info=&#8221;{}&#8221; custom_padding__hover=&#8221;|||&#8221;][et_pb_circle_counter title=&#8221;ENTIDADES AssociadAs&#8221; number=&#8221;13&#8243; percent_sign=&#8221;off&#8221; bar_bg_color=&#8221;#00476b&#8221; _builder_version=&#8221;4.20.2&#8243; title_font=&#8221;Nunito Sans|||on|||||&#8221; title_font_size=&#8221;12px&#8221; number_font=&#8221;Nunito Sans||||||||&#8221; number_text_color=&#8221;#1c1d1d&#8221; number_font_size=&#8221;72px&#8221; global_colors_info=&#8221;{}&#8221;][\/et_pb_circle_counter][\/et_pb_column][et_pb_column type=&#8221;1_3&#8243; _builder_version=&#8221;4.16&#8243; custom_padding=&#8221;|||&#8221; global_colors_info=&#8221;{}&#8221; custom_padding__hover=&#8221;|||&#8221;][et_pb_circle_counter title=&#8221;Eventos&#8221; number=&#8221;54&#8243; percent_sign=&#8221;off&#8221; bar_bg_color=&#8221;#ecb21e&#8221; _builder_version=&#8221;4.20.2&#8243; title_font=&#8221;Nunito Sans|||on|||||&#8221; title_font_size=&#8221;12px&#8221; number_font=&#8221;Nunito Sans||||||||&#8221; number_text_color=&#8221;#1c1d1d&#8221; number_font_size=&#8221;72px&#8221; global_colors_info=&#8221;{}&#8221;][\/et_pb_circle_counter][\/et_pb_column][\/et_pb_row][\/et_pb_section][et_pb_section fb_built=&#8221;1&#8243; admin_label=&#8221;Newsletter Section&#8221; _builder_version=&#8221;4.16&#8243; background_color=&#8221;#f1bf58&#8243; background_enable_image=&#8221;off&#8221; parallax=&#8221;on&#8221; custom_padding=&#8221;50px||30px||false|false&#8221; global_colors_info=&#8221;{}&#8221;][et_pb_row column_structure=&#8221;1_2,1_2&#8243; admin_label=&#8221;Newsletter Area&#8221; _builder_version=&#8221;4.16&#8243; locked=&#8221;off&#8221; global_colors_info=&#8221;{}&#8221;][et_pb_column type=&#8221;1_2&#8243; _builder_version=&#8221;4.16&#8243; custom_padding=&#8221;|||&#8221; global_colors_info=&#8221;{}&#8221; custom_padding__hover=&#8221;|||&#8221;][et_pb_text admin_label=&#8221;Title&#8221; _builder_version=&#8221;4.16&#8243; text_font=&#8221;Nunito Sans||||||||&#8221; text_text_color=&#8221;#efefef&#8221; header_font=&#8221;||||||||&#8221; header_2_font=&#8221;Nunito Sans||||||||&#8221; header_2_text_color=&#8221;#1c1d1d&#8221; header_2_font_size=&#8221;36px&#8221; header_2_line_height=&#8221;1.5em&#8221; custom_margin=&#8221;||0px||false|false&#8221; custom_padding=&#8221;|||&#8221; animation_direction=&#8221;left&#8221; global_colors_info=&#8221;{}&#8221;]<\/p>\n<h2>Torne-se Associado!<\/h2>\n<p>[\/et_pb_text][\/et_pb_column][et_pb_column type=&#8221;1_2&#8243; _builder_version=&#8221;4.16&#8243; custom_padding=&#8221;|||&#8221; global_colors_info=&#8221;{}&#8221; custom_padding__hover=&#8221;|||&#8221;][et_pb_button button_url=&#8221;\/index.php\/inscricao\/&#8221; button_text=&#8221;Ficha de Inscri\u00e7\u00e3o&#8221; button_alignment=&#8221;left&#8221; _builder_version=&#8221;4.16&#8243; custom_button=&#8221;on&#8221; button_text_color=&#8221;#efefef&#8221; button_bg_color=&#8221;#2d8daa&#8221; button_border_color=&#8221;#2d8daa&#8221; button_font=&#8221;Nunito Sans|600|||||||&#8221; button_icon=&#8221;&#x24;||divi||400&#8243; global_colors_info=&#8221;{}&#8221;][\/et_pb_button][\/et_pb_column][\/et_pb_row][\/et_pb_section]<\/p>\n","protected":false},"excerpt":{"rendered":"<p>Sobre o CRPO\u00a0Centro Rodoferrovi\u00e1rio Portugu\u00eas (CRP) \u00e9 uma associa\u00e7\u00e3o de direito privado, sem fins lucrativos, fundada em 1998 por 31 entidades p\u00fablicas e privadas, que tem por objecto estatut\u00e1rio \u201cestimular um melhor entendimento da relev\u00e2ncia do Transporte, e suas Infraestruturas, para o desenvolvimento econ\u00f3mico, para a sustentabilidade ambiental e inclus\u00e3o social, tendo nomeadamente em aten\u00e7\u00e3o [&hellip;]<\/p>\n","protected":false},"author":5,"featured_media":0,"parent":0,"menu_order":0,"comment_status":"closed","ping_status":"closed","template":"","meta":{"_et_pb_use_builder":"on","_et_pb_old_content":"","_et_gb_content_width":"","footnotes":""},"class_list":["post-344","page","type-page","status-publish","hentry"],"_links":{"self":[{"href":"https:\/\/crp.pt\/index.php\/wp-json\/wp\/v2\/pages\/344","targetHints":{"allow":["GET"]}}],"collection":[{"href":"https:\/\/crp.pt\/index.php\/wp-json\/wp\/v2\/pages"}],"about":[{"href":"https:\/\/crp.pt\/index.php\/wp-json\/wp\/v2\/types\/page"}],"author":[{"embeddable":true,"href":"https:\/\/crp.pt\/index.php\/wp-json\/wp\/v2\/users\/5"}],"replies":[{"embeddable":true,"href":"https:\/\/crp.pt\/index.php\/wp-json\/wp\/v2\/comments?post=344"}],"version-history":[{"count":51,"href":"https:\/\/crp.pt\/index.php\/wp-json\/wp\/v2\/pages\/344\/revisions"}],"predecessor-version":[{"id":1653,"href":"https:\/\/crp.pt\/index.php\/wp-json\/wp\/v2\/pages\/344\/revisions\/1653"}],"wp:attachment":[{"href":"https:\/\/crp.pt\/index.php\/wp-json\/wp\/v2\/media?parent=344"}],"curies":[{"name":"wp","href":"https:\/\/api.w.org\/{rel}","templated":true}]}}