{"id":1696,"date":"2024-05-17T17:46:15","date_gmt":"2024-05-17T17:46:15","guid":{"rendered":"https:\/\/crp.pt\/?page_id=1696"},"modified":"2024-05-22T15:33:43","modified_gmt":"2024-05-22T15:33:43","slug":"seminario-pavimentos-oradores","status":"publish","type":"page","link":"https:\/\/crp.pt\/index.php\/seminario-pavimentos-oradores\/","title":{"rendered":"Seminario &#8220;Pavimentos no Futuro. Inova\u00e7\u00e3o como Motor do Desenvolvimento&#8221; &#8211; Oradores"},"content":{"rendered":"<p>[et_pb_section fb_built=&#8221;1&#8243; admin_label=&#8221;Objetivos Section&#8221; _builder_version=&#8221;4.16&#8243; background_color=&#8221;#f7f7f7&#8243; parallax=&#8221;on&#8221; custom_padding=&#8221;60px||30px||false|false&#8221; global_colors_info=&#8221;{}&#8221;][et_pb_row admin_label=&#8221;Not\u00edcias Title Area&#8221; _builder_version=&#8221;4.18.0&#8243; min_height=&#8221;70.5px&#8221; locked=&#8221;off&#8221; global_colors_info=&#8221;{}&#8221;][et_pb_column type=&#8221;4_4&#8243; _builder_version=&#8221;4.16&#8243; custom_padding=&#8221;|||&#8221; global_colors_info=&#8221;{}&#8221; custom_padding__hover=&#8221;|||&#8221;][et_pb_text admin_label=&#8221;Title&#8221; _builder_version=&#8221;4.20.2&#8243; global_colors_info=&#8221;{}&#8221;]<\/p>\n<h3 style=\"text-align: center;\"><strong>Oradores do Semin\u00e1rio &#8220;Pavimentos no Futuro. Inova\u00e7\u00e3o como Motor do Desenvolvimento&#8221;<br \/><\/strong><\/h3>\n<p>&nbsp;<\/p>\n<p>[\/et_pb_text][\/et_pb_column][\/et_pb_row][et_pb_row column_structure=&#8221;1_4,1_4,1_4,1_4&#8243; admin_label=&#8221;Not\u00edcias&#8221; _builder_version=&#8221;4.18.0&#8243; custom_padding=&#8221;0px|||||&#8221; global_colors_info=&#8221;{}&#8221;][et_pb_column type=&#8221;1_4&#8243; _builder_version=&#8221;4.16&#8243; global_colors_info=&#8221;{}&#8221;][et_pb_text _builder_version=&#8221;4.20.2&#8243; _module_preset=&#8221;default&#8221; width=&#8221;100%&#8221; global_colors_info=&#8221;{}&#8221;]<\/p>\n<h3 style=\"text-align: center;\"><strong>MARGO BRIESSINCK<\/strong> <a href=\"https:\/\/crp.pt\/wp-content\/uploads\/2024\/05\/CV-PIARC-Margo-Briessinck-.pdf\" target=\"_blank\" rel=\"noopener\"> (CV)<\/a><\/h3>\n<p style=\"text-align: center;\"><img loading=\"lazy\" decoding=\"async\" src=\"https:\/\/crp.pt\/wp-content\/uploads\/2024\/05\/MargoBriessinck-2-300x300.jpg\" width=\"137\" height=\"137\" \/><br \/>\n<em>PIARC&#8217;s work on Resilient and Sustainable Pavements<\/em><\/p>\n<p>[\/et_pb_text][\/et_pb_column][et_pb_column type=&#8221;1_4&#8243; _builder_version=&#8221;4.16&#8243; global_colors_info=&#8221;{}&#8221;][et_pb_text _builder_version=&#8221;4.25.1&#8243; _module_preset=&#8221;default&#8221; width=&#8221;100%&#8221; global_colors_info=&#8221;{}&#8221;]<\/p>\n<h3 style=\"text-align: center;\"><strong>Mafalda Mota<\/strong><br \/><a href=\"https:\/\/crp.pt\/wp-content\/uploads\/2024\/05\/CV-APA-MM.pdf\" target=\"_blank\" rel=\"noopener\">(CV)<\/a><\/h3>\n<p style=\"text-align: center;\"><img loading=\"lazy\" decoding=\"async\" src=\"https:\/\/crp.pt\/wp-content\/uploads\/2024\/05\/Mmota_APA-300x300.jpg\" width=\"152\" height=\"152\" alt=\"\" class=\"wp-image-1739 aligncenter size-medium\" srcset=\"https:\/\/crp.pt\/wp-content\/uploads\/2024\/05\/Mmota_APA-300x300.jpg 300w, https:\/\/crp.pt\/wp-content\/uploads\/2024\/05\/Mmota_APA-150x150.jpg 150w, https:\/\/crp.pt\/wp-content\/uploads\/2024\/05\/Mmota_APA.jpg 400w\" sizes=\"(max-width: 152px) 100vw, 152px\" \/><\/p>\n<p style=\"text-align: center;\"><em>Como Gerir os Recurso Produzidos na Constru\u00e7\u00e3o<\/em><\/p>\n<p>[\/et_pb_text][\/et_pb_column][et_pb_column type=&#8221;1_4&#8243; _builder_version=&#8221;4.20.2&#8243; _module_preset=&#8221;default&#8221; global_colors_info=&#8221;{}&#8221;][et_pb_text _builder_version=&#8221;4.25.1&#8243; _module_preset=&#8221;default&#8221; hover_enabled=&#8221;0&#8243; global_colors_info=&#8221;{}&#8221; sticky_enabled=&#8221;0&#8243;]<\/p>\n<h3 style=\"text-align: center;\"><strong>CARLOS SANTINHO HORTA<\/strong> <a href=\"https:\/\/crp.pt\/wp-content\/uploads\/2024\/05\/CV-IP-e-Brisa_CSH.pdf\" target=\"_blank\" rel=\"noopener\"> (CV)<\/a><\/h3>\n<p style=\"text-align: center;\"><img loading=\"lazy\" decoding=\"async\" src=\"https:\/\/crp.pt\/wp-content\/uploads\/2024\/05\/CSH_IP2-206x300.jpg\" width=\"111\" height=\"162\" alt=\"\" class=\"wp-image-1734 aligncenter size-medium\" srcset=\"https:\/\/crp.pt\/wp-content\/uploads\/2024\/05\/CSH_IP2-206x300.jpg 206w, https:\/\/crp.pt\/wp-content\/uploads\/2024\/05\/CSH_IP2.jpg 300w\" sizes=\"(max-width: 111px) 100vw, 111px\" \/><\/p>\n<p style=\"text-align: center;\"><em>A Inova\u00e7\u00e3o nos Pavimentos Rodovi\u00e1rios. IP e Brisa \u2013 Estrat\u00e9gia e Operacionaliza\u00e7\u00e3o<\/em><\/p>\n<p>[\/et_pb_text][\/et_pb_column][et_pb_column type=&#8221;1_4&#8243; _builder_version=&#8221;4.16&#8243; global_colors_info=&#8221;{}&#8221;][et_pb_text _builder_version=&#8221;4.25.1&#8243; _module_preset=&#8221;default&#8221; width=&#8221;100%&#8221; hover_enabled=&#8221;0&#8243; global_colors_info=&#8221;{}&#8221; sticky_enabled=&#8221;0&#8243;]<\/p>\n<h3 style=\"text-align: center;\"><strong>JOS\u00c9 SANTOS<\/strong><a href=\"https:\/\/crp.pt\/wp-content\/uploads\/2024\/05\/CV-IP-e-Brisa-JNS.pdf\" target=\"_blank\" rel=\"noopener\" style=\"font-size: 20px;\"><br \/>(CV)<\/a><\/h3>\n<p style=\"text-align: center;\"><img loading=\"lazy\" decoding=\"async\" src=\"https:\/\/crp.pt\/wp-content\/uploads\/2024\/05\/jns_ip.png\" width=\"130\" height=\"163\" \/><br \/><em>A Inova\u00e7\u00e3o nos Pavimentos Rodovi\u00e1rios. IP e Brisa \u2013 Estrat\u00e9gia e Operacionaliza\u00e7\u00e3o<\/em><\/p>\n<p>[\/et_pb_text][\/et_pb_column][\/et_pb_row][et_pb_row column_structure=&#8221;1_4,1_4,1_4,1_4&#8243; admin_label=&#8221;Not\u00edcias&#8221; _builder_version=&#8221;4.18.0&#8243; custom_padding=&#8221;0px|||||&#8221; global_colors_info=&#8221;{}&#8221;][et_pb_column type=&#8221;1_4&#8243; _builder_version=&#8221;4.16&#8243; global_colors_info=&#8221;{}&#8221;][et_pb_text _builder_version=&#8221;4.20.2&#8243; _module_preset=&#8221;default&#8221; width=&#8221;100%&#8221; global_colors_info=&#8221;{}&#8221;]<\/p>\n<h3 style=\"text-align: center;\"><strong>M\u00aa JO\u00c3O RATO<\/strong> <a href=\"https:\/\/crp.pt\/wp-content\/uploads\/2024\/05\/CV-IP-e-Brisa-MJR.pdf\" target=\"_blank\" rel=\"noopener\"> (CV)<\/a><\/h3>\n<p style=\"text-align: center;\"><img loading=\"lazy\" decoding=\"async\" src=\"https:\/\/crp.pt\/wp-content\/uploads\/2024\/05\/MJR_Brisa.png\" width=\"101\" height=\"135\" \/><br \/><em>A Inova\u00e7\u00e3o nos Pavimentos Rodovi\u00e1rios. IP e Brisa \u2013 Estrat\u00e9gia e Operacionaliza\u00e7\u00e3o<\/em><\/p>\n<p>[\/et_pb_text][\/et_pb_column][et_pb_column type=&#8221;1_4&#8243; _builder_version=&#8221;4.16&#8243; global_colors_info=&#8221;{}&#8221;][et_pb_text _builder_version=&#8221;4.20.2&#8243; _module_preset=&#8221;default&#8221; width=&#8221;100%&#8221; global_colors_info=&#8221;{}&#8221;]<\/p>\n<h3 style=\"text-align: center;\"><strong>EUG\u00c9NIA CORREIA<\/strong> <a href=\"https:\/\/crp.pt\/wp-content\/uploads\/2024\/05\/CV-IP-e-Brisa-EC.pdf\" target=\"_blank\" rel=\"noopener\"> (CV)<\/a><\/h3>\n<p style=\"text-align: center;\"><img loading=\"lazy\" decoding=\"async\" src=\"https:\/\/crp.pt\/wp-content\/uploads\/2024\/05\/EC_Brisa.jpg\" width=\"137\" height=\"137\" \/><br \/>\n<em>A Inova\u00e7\u00e3o nos Pavimentos Rodovi\u00e1rios. IP e Brisa \u2013 Estrat\u00e9gia e Operacionaliza\u00e7\u00e3o<\/em><\/p>\n<p>[\/et_pb_text][\/et_pb_column][et_pb_column type=&#8221;1_4&#8243; _builder_version=&#8221;4.20.2&#8243; _module_preset=&#8221;default&#8221; global_colors_info=&#8221;{}&#8221;][et_pb_text _builder_version=&#8221;4.20.2&#8243; _module_preset=&#8221;default&#8221; width=&#8221;100%&#8221; global_colors_info=&#8221;{}&#8221;]<\/p>\n<h3 style=\"text-align: center;\"><strong>ANDR\u00c9 VALE<\/strong> <a href=\"https:\/\/crp.pt\/wp-content\/uploads\/2024\/05\/CV-RoadRunner-Andre-Vale.pdf\" target=\"_blank\" rel=\"noopener\"> (CV)<\/a><\/h3>\n<p style=\"text-align: center;\"><img loading=\"lazy\" decoding=\"async\" src=\"https:\/\/crp.pt\/wp-content\/uploads\/2024\/05\/AV_RoadRunner.jpg\" width=\"127\" height=\"142\" \/><br \/><em>Aplica\u00e7\u00e3o do Falkorr\u00ae &#8211; Traffic Speed Deflectometer device &#8211; na Avalia\u00e7\u00e3o e Dimensionamento de Pavimentos<\/em><\/p>\n<p>[\/et_pb_text][\/et_pb_column][et_pb_column type=&#8221;1_4&#8243; _builder_version=&#8221;4.16&#8243; global_colors_info=&#8221;{}&#8221;][et_pb_text _builder_version=&#8221;4.25.1&#8243; _module_preset=&#8221;default&#8221; width=&#8221;100%&#8221; global_colors_info=&#8221;{}&#8221;]<\/p>\n<h3 style=\"text-align: center;\"><strong>JO\u00c3O AFONSO<\/strong> <a href=\"https:\/\/crp.pt\/wp-content\/uploads\/2024\/05\/CV-Mota-Engil-Joao-Afonso.pdf\" target=\"_blank\" rel=\"noopener\"> (CV)<\/a><\/h3>\n<h3 style=\"text-align: center;\"><img loading=\"lazy\" decoding=\"async\" src=\"https:\/\/crp.pt\/wp-content\/uploads\/2024\/05\/Foto-JA-Mota-Engil-259x300.jpg\" width=\"129\" height=\"149\" alt=\"\" class=\"wp-image-1743 aligncenter size-medium\" \/><\/h3>\n<p style=\"text-align: center;\"><em>Constru\u00e7\u00e3o de Pavimentos Sustent\u00e1veis<\/em><\/p>\n<p>[\/et_pb_text][\/et_pb_column][\/et_pb_row][et_pb_row column_structure=&#8221;1_4,1_4,1_4,1_4&#8243; admin_label=&#8221;Not\u00edcias&#8221; _builder_version=&#8221;4.18.0&#8243; custom_padding=&#8221;0px|||||&#8221; global_colors_info=&#8221;{}&#8221;][et_pb_column type=&#8221;1_4&#8243; _builder_version=&#8221;4.16&#8243; global_colors_info=&#8221;{}&#8221;][et_pb_text _builder_version=&#8221;4.25.1&#8243; _module_preset=&#8221;default&#8221; width=&#8221;100%&#8221; hover_enabled=&#8221;0&#8243; global_colors_info=&#8221;{}&#8221; sticky_enabled=&#8221;0&#8243;]<\/p>\n<h3 style=\"text-align: center;\"><strong>ROSA MENDES<\/strong> <a href=\"https:\/\/crp.pt\/wp-content\/uploads\/2024\/05\/CV-JJR-Rosa-Mendes.pdf\" target=\"_blank\" rel=\"noopener\"> (CV)<\/a><\/h3>\n<p style=\"text-align: center;\"><img loading=\"lazy\" decoding=\"async\" src=\"https:\/\/crp.pt\/wp-content\/uploads\/2024\/05\/RM_JJR.jpg\" width=\"137\" height=\"137\" \/><br \/>\n<em>Aplica\u00e7\u00e3o de ABGE com Incorpora\u00e7\u00e3o de Agregados de RCD em Camadas Granulares no IC2 Asseiceira<\/em><\/p>\n<p>[\/et_pb_text][\/et_pb_column][et_pb_column type=&#8221;1_4&#8243; _builder_version=&#8221;4.16&#8243; global_colors_info=&#8221;{}&#8221;][\/et_pb_column][et_pb_column type=&#8221;1_4&#8243; _builder_version=&#8221;4.20.2&#8243; _module_preset=&#8221;default&#8221; global_colors_info=&#8221;{}&#8221;][\/et_pb_column][et_pb_column type=&#8221;1_4&#8243; _builder_version=&#8221;4.16&#8243; global_colors_info=&#8221;{}&#8221;][\/et_pb_column][\/et_pb_row][\/et_pb_section][et_pb_section fb_built=&#8221;1&#8243; _builder_version=&#8221;4.25.1&#8243; _module_preset=&#8221;default&#8221; global_colors_info=&#8221;{}&#8221;][\/et_pb_section]<\/p>\n","protected":false},"excerpt":{"rendered":"<p>Oradores do Semin\u00e1rio &#8220;Pavimentos no Futuro. Inova\u00e7\u00e3o como Motor do Desenvolvimento&#8221; &nbsp;MARGO BRIESSINCK (CV) PIARC&#8217;s work on Resilient and Sustainable PavementsMafalda Mota(CV) Como Gerir os Recurso Produzidos na Constru\u00e7\u00e3oCARLOS SANTINHO HORTA (CV) A Inova\u00e7\u00e3o nos Pavimentos Rodovi\u00e1rios. IP e Brisa \u2013 Estrat\u00e9gia e Operacionaliza\u00e7\u00e3oJOS\u00c9 SANTOS(CV) A Inova\u00e7\u00e3o nos Pavimentos Rodovi\u00e1rios. IP e Brisa \u2013 Estrat\u00e9gia [&hellip;]<\/p>\n","protected":false},"author":6,"featured_media":0,"parent":0,"menu_order":0,"comment_status":"closed","ping_status":"closed","template":"","meta":{"_et_pb_use_builder":"on","_et_pb_old_content":"","_et_gb_content_width":"","footnotes":""},"class_list":["post-1696","page","type-page","status-publish","hentry"],"_links":{"self":[{"href":"https:\/\/crp.pt\/index.php\/wp-json\/wp\/v2\/pages\/1696","targetHints":{"allow":["GET"]}}],"collection":[{"href":"https:\/\/crp.pt\/index.php\/wp-json\/wp\/v2\/pages"}],"about":[{"href":"https:\/\/crp.pt\/index.php\/wp-json\/wp\/v2\/types\/page"}],"author":[{"embeddable":true,"href":"https:\/\/crp.pt\/index.php\/wp-json\/wp\/v2\/users\/6"}],"replies":[{"embeddable":true,"href":"https:\/\/crp.pt\/index.php\/wp-json\/wp\/v2\/comments?post=1696"}],"version-history":[{"count":16,"href":"https:\/\/crp.pt\/index.php\/wp-json\/wp\/v2\/pages\/1696\/revisions"}],"predecessor-version":[{"id":1747,"href":"https:\/\/crp.pt\/index.php\/wp-json\/wp\/v2\/pages\/1696\/revisions\/1747"}],"wp:attachment":[{"href":"https:\/\/crp.pt\/index.php\/wp-json\/wp\/v2\/media?parent=1696"}],"curies":[{"name":"wp","href":"https:\/\/api.w.org\/{rel}","templated":true}]}}