{"id":15,"date":"2020-02-05T18:56:22","date_gmt":"2020-02-05T18:56:22","guid":{"rendered":"http:\/\/crp.pt\/?page_id=15"},"modified":"2025-05-21T10:31:01","modified_gmt":"2025-05-21T10:31:01","slug":"homepage","status":"publish","type":"page","link":"https:\/\/crp.pt\/","title":{"rendered":"Homepage"},"content":{"rendered":"<p>[et_pb_section fb_built=&#8221;1&#8243; fullwidth=&#8221;on&#8221; _builder_version=&#8221;4.18.0&#8243; animation_style=&#8221;slide&#8221; animation_direction=&#8221;top&#8221; animation_intensity_slide=&#8221;2%&#8221; animation_starting_opacity=&#8221;100%&#8221; global_colors_info=&#8221;{}&#8221;][et_pb_fullwidth_header title=&#8221;Dinamizar o Setor do Transporte e suas Infraestruturas&#8221; header_fullscreen=&#8221;on&#8221; button_one_text=&#8221;Sobre o CRP&#8221; button_one_url=&#8221;\/index.php\/apresentacao\/&#8221; button_two_text=&#8221;FAQs&#8221; content_max_width=&#8221;700px&#8221; _builder_version=&#8221;4.18.0&#8243; title_level=&#8221;h2&#8243; title_font=&#8221;Nunito Sans|600|||||||&#8221; title_font_size=&#8221;60px&#8221; title_line_height=&#8221;1.2em&#8221; content_font=&#8221;Nunito Sans||||||||&#8221; content_font_size=&#8221;19px&#8221; content_line_height=&#8221;1.5em&#8221; background_color=&#8221;rgba(255, 255, 255, 0)&#8221; use_background_color_gradient=&#8221;on&#8221; background_color_gradient_direction=&#8221;90deg&#8221; background_color_gradient_stops=&#8221;rgba(0,0,0,0.75) 0%|rgba(0,0,0,0) 100%&#8221; background_color_gradient_overlays_image=&#8221;on&#8221; background_color_gradient_start=&#8221;rgba(0,0,0,0.75)&#8221; background_color_gradient_end=&#8221;rgba(0,0,0,0)&#8221; background_image=&#8221;https:\/\/crp.pt\/wp-content\/uploads\/2020\/02\/crp_slider_1600px_3.jpg&#8221; custom_button_one=&#8221;on&#8221; button_one_text_size=&#8221;18px&#8221; button_one_text_color=&#8221;#efefef&#8221; button_one_bg_color=&#8221;#045575&#8243; button_one_border_width=&#8221;8px&#8221; button_one_border_color=&#8221;#045575&#8243; button_one_border_radius=&#8221;0px&#8221; button_one_letter_spacing=&#8221;1px&#8221; button_one_font=&#8221;Nunito Sans|600|||||||&#8221; button_one_use_icon=&#8221;off&#8221; custom_button_two=&#8221;on&#8221; button_two_text_size=&#8221;18px&#8221; button_two_text_color=&#8221;#efefef&#8221; button_two_bg_color=&#8221;#ecb21e&#8221; button_two_border_width=&#8221;8px&#8221; button_two_border_color=&#8221;#ecb21e&#8221; button_two_border_radius=&#8221;0px&#8221; button_two_letter_spacing=&#8221;1px&#8221; button_two_font=&#8221;Nunito Sans|600|||||||&#8221; button_two_use_icon=&#8221;off&#8221; custom_margin=&#8221;|||&#8221; custom_padding=&#8221;12%||12%|&#8221; button_one_letter_spacing_hover=&#8221;1px&#8221; button_two_letter_spacing_hover=&#8221;1px&#8221; global_colors_info=&#8221;{}&#8221; button_one_text_size__hover_enabled=&#8221;off&#8221; button_two_text_size__hover_enabled=&#8221;off&#8221; button_one_text_color__hover_enabled=&#8221;off&#8221; button_two_text_color__hover_enabled=&#8221;off&#8221; button_one_border_width__hover_enabled=&#8221;off&#8221; button_two_border_width__hover_enabled=&#8221;off&#8221; button_one_border_color__hover_enabled=&#8221;off&#8221; button_two_border_color__hover_enabled=&#8221;off&#8221; button_one_border_radius__hover_enabled=&#8221;off&#8221; button_two_border_radius__hover_enabled=&#8221;off&#8221; button_one_letter_spacing__hover_enabled=&#8221;on&#8221; button_one_letter_spacing__hover=&#8221;1px&#8221; button_two_letter_spacing__hover_enabled=&#8221;on&#8221; button_two_letter_spacing__hover=&#8221;1px&#8221; button_one_bg_color__hover_enabled=&#8221;off&#8221; button_two_bg_color__hover_enabled=&#8221;off&#8221;]<\/p>\n<p>Fundado em 1998 por tr\u00eas dezenas de Entidades p\u00fablicas e privadas, o CRP &#8211; Centro Rodoferrovi\u00e1rio Portugu\u00eas &#8211; tem por miss\u00e3o estimular um melhor entendimento da relev\u00e2ncia do Transporte e suas Infraestruturas para o desenvolvimento econ\u00f3mico, para a sustentabilidade ambiental e inclus\u00e3o social, tendo nomeadamente em aten\u00e7\u00e3o a dimens\u00e3o p\u00fablica das pol\u00edticas de Transporte e suas Infraestruturas.<\/p>\n<p>[\/et_pb_fullwidth_header][\/et_pb_section][et_pb_section fb_built=&#8221;1&#8243; module_class=&#8221;popup-container&#8221; _builder_version=&#8221;4.27.4&#8243; _module_preset=&#8221;default&#8221; background_color=&#8221;rgba(28,29,29,0.24)&#8221; positioning=&#8221;fixed&#8221; z_index=&#8221;9999&#8243; custom_padding=&#8221;10vh|15vw|10vh|15vw|true|false&#8221; animation_style=&#8221;fade&#8221; global_colors_info=&#8221;{}&#8221;][\/et_pb_section][et_pb_section fb_built=&#8221;1&#8243; admin_label=&#8221;Parceiros Section&#8221; _builder_version=&#8221;4.16&#8243; custom_padding=&#8221;50px||30px||false|false&#8221; global_colors_info=&#8221;{}&#8221;][et_pb_row admin_label=&#8221;Parceiros Title Area&#8221; _builder_version=&#8221;4.16&#8243; locked=&#8221;off&#8221; global_colors_info=&#8221;{}&#8221;][et_pb_column type=&#8221;4_4&#8243; _builder_version=&#8221;4.16&#8243; custom_padding=&#8221;|||&#8221; global_colors_info=&#8221;{}&#8221; custom_padding__hover=&#8221;|||&#8221;][et_pb_text admin_label=&#8221;Title&#8221; _builder_version=&#8221;4.16&#8243; text_font=&#8221;Nunito Sans||||||||&#8221; header_2_font=&#8221;Lato||||||||&#8221; text_orientation=&#8221;center&#8221; max_width=&#8221;700px&#8221; module_alignment=&#8221;center&#8221; custom_padding=&#8221;|||&#8221; global_colors_info=&#8221;{}&#8221;]<\/p>\n<h2>Os Nossos Associados<\/h2>\n<p>[\/et_pb_text][\/et_pb_column][\/et_pb_row][et_pb_row column_structure=&#8221;1_4,1_4,1_4,1_4&#8243; admin_label=&#8221;Parceiros&#8221; _builder_version=&#8221;4.20.2&#8243; global_colors_info=&#8221;{}&#8221;][et_pb_column type=&#8221;1_4&#8243; _builder_version=&#8221;4.20.2&#8243; custom_padding=&#8221;|||&#8221; global_colors_info=&#8221;{}&#8221; custom_padding__hover=&#8221;|||&#8221;][et_pb_image src=&#8221;https:\/\/crp.pt\/wp-content\/uploads\/2020\/06\/autoestradasatlantico.jpg&#8221; title_text=&#8221;autoestradasatlantico&#8221; url=&#8221;http:\/\/www.aeatlantico.pt\/pt\/&#8221; url_new_window=&#8221;on&#8221; align_tablet=&#8221;center&#8221; align_phone=&#8221;&#8221; align_last_edited=&#8221;on|desktop&#8221; admin_label=&#8221;Sponsor Logo&#8221; _builder_version=&#8221;4.16&#8243; global_colors_info=&#8221;{}&#8221;][\/et_pb_image][et_pb_image src=&#8221;https:\/\/crp.pt\/wp-content\/uploads\/2020\/06\/motaengil.jpg&#8221; title_text=&#8221;motaengil&#8221; url=&#8221;http:\/\/www.mota-engil.com\/&#8221; url_new_window=&#8221;on&#8221; align_tablet=&#8221;center&#8221; align_phone=&#8221;&#8221; align_last_edited=&#8221;on|desktop&#8221; admin_label=&#8221;Sponsor Logo&#8221; _builder_version=&#8221;4.16&#8243; global_colors_info=&#8221;{}&#8221;][\/et_pb_image][et_pb_image src=&#8221;https:\/\/crp.pt\/wp-content\/uploads\/2023\/11\/logo-TPF.png&#8221; title_text=&#8221;logo TPF&#8221; url=&#8221;https:\/\/www.tpf.pt\/&#8221; url_new_window=&#8221;on&#8221; align_tablet=&#8221;center&#8221; align_phone=&#8221;&#8221; align_last_edited=&#8221;on|desktop&#8221; admin_label=&#8221;Sponsor Logo&#8221; _builder_version=&#8221;4.20.2&#8243; locked=&#8221;off&#8221; global_colors_info=&#8221;{}&#8221;][\/et_pb_image][et_pb_image src=&#8221;https:\/\/crp.pt\/wp-content\/uploads\/2020\/06\/infraestruturasportugal.jpg&#8221; title_text=&#8221;infraestruturasportugal&#8221; url=&#8221;https:\/\/www.infraestruturasdeportugal.pt\/&#8221; url_new_window=&#8221;on&#8221; align_tablet=&#8221;center&#8221; align_phone=&#8221;&#8221; align_last_edited=&#8221;on|desktop&#8221; admin_label=&#8221;Sponsor Logo&#8221; _builder_version=&#8221;4.16&#8243; locked=&#8221;off&#8221; global_colors_info=&#8221;{}&#8221;][\/et_pb_image][et_pb_image src=&#8221;https:\/\/crp.pt\/wp-content\/uploads\/2024\/05\/PRAGOSA_GRUPO_horizontal_retangulo_laranja-1.png&#8221; title_text=&#8221;PRAGOSA_GRUPO_horizontal_retangulo_laranja&#8221; url=&#8221;https:\/\/www.pragosa.pt&#8221; url_new_window=&#8221;on&#8221; align_tablet=&#8221;center&#8221; align_phone=&#8221;&#8221; align_last_edited=&#8221;on|desktop&#8221; admin_label=&#8221;Sponsor Logo&#8221; _builder_version=&#8221;4.20.2&#8243; locked=&#8221;off&#8221; global_colors_info=&#8221;{}&#8221;][\/et_pb_image][\/et_pb_column][et_pb_column type=&#8221;1_4&#8243; _builder_version=&#8221;4.20.2&#8243; custom_padding=&#8221;|||&#8221; global_colors_info=&#8221;{}&#8221; custom_padding__hover=&#8221;|||&#8221;][et_pb_image src=&#8221;https:\/\/crp.pt\/wp-content\/uploads\/2020\/06\/lnec.jpg&#8221; title_text=&#8221;lnec&#8221; url=&#8221;http:\/\/www.lnec.pt\/pt\/&#8221; url_new_window=&#8221;on&#8221; align_tablet=&#8221;center&#8221; align_phone=&#8221;&#8221; align_last_edited=&#8221;on|desktop&#8221; admin_label=&#8221;Sponsor Logo&#8221; _builder_version=&#8221;4.16&#8243; locked=&#8221;off&#8221; global_colors_info=&#8221;{}&#8221;][\/et_pb_image][et_pb_image src=&#8221;https:\/\/crp.pt\/wp-content\/uploads\/2020\/06\/betar.jpg&#8221; title_text=&#8221;betar&#8221; url=&#8221;http:\/\/www.betar.pt\/pt\/content\/7-projects\/9-betar-consultores&#8221; url_new_window=&#8221;on&#8221; align_tablet=&#8221;center&#8221; align_phone=&#8221;&#8221; align_last_edited=&#8221;on|desktop&#8221; admin_label=&#8221;Sponsor Logo&#8221; _builder_version=&#8221;4.16&#8243; locked=&#8221;off&#8221; global_colors_info=&#8221;{}&#8221;][\/et_pb_image][et_pb_image src=&#8221;https:\/\/crp.pt\/wp-content\/uploads\/2020\/06\/imt.jpg&#8221; title_text=&#8221;imt&#8221; url=&#8221;http:\/\/www.imt-ip.pt\/sites\/IMTT\/Portugues\/Paginas\/IMTHome.aspx&#8221; url_new_window=&#8221;on&#8221; align_tablet=&#8221;center&#8221; align_phone=&#8221;&#8221; align_last_edited=&#8221;on|desktop&#8221; admin_label=&#8221;Sponsor Logo&#8221; _builder_version=&#8221;4.16&#8243; locked=&#8221;off&#8221; global_colors_info=&#8221;{}&#8221;][\/et_pb_image][et_pb_image src=&#8221;https:\/\/crp.pt\/wp-content\/uploads\/2023\/11\/LN0007-small.jpg&#8221; title_text=&#8221;LN0007 small&#8221; url=&#8221;https:\/\/www.nrv-norvia.com\/&#8221; url_new_window=&#8221;on&#8221; align_tablet=&#8221;center&#8221; align_phone=&#8221;&#8221; align_last_edited=&#8221;on|desktop&#8221; admin_label=&#8221;Sponsor Logo&#8221; _builder_version=&#8221;4.20.2&#8243; locked=&#8221;off&#8221; global_colors_info=&#8221;{}&#8221;][\/et_pb_image][et_pb_image src=&#8221;https:\/\/crp.pt\/wp-content\/uploads\/2024\/05\/Optimyzer-logo-cmyk.jpg&#8221; title_text=&#8221;Optimyzer logo cmyk&#8221; url=&#8221;https:\/\/www.nrv-norvia.com\/&#8221; url_new_window=&#8221;on&#8221; align_tablet=&#8221;center&#8221; align_phone=&#8221;&#8221; align_last_edited=&#8221;on|desktop&#8221; admin_label=&#8221;Sponsor Logo&#8221; _builder_version=&#8221;4.20.2&#8243; locked=&#8221;off&#8221; global_colors_info=&#8221;{}&#8221;][\/et_pb_image][\/et_pb_column][et_pb_column type=&#8221;1_4&#8243; _builder_version=&#8221;4.20.2&#8243; custom_padding=&#8221;|||&#8221; global_colors_info=&#8221;{}&#8221; custom_padding__hover=&#8221;|||&#8221;][et_pb_image src=&#8221;https:\/\/crp.pt\/wp-content\/uploads\/2020\/06\/ansr.jpg&#8221; title_text=&#8221;ansr&#8221; url=&#8221;http:\/\/www.ansr.pt\/Pages\/default.aspx&#8221; url_new_window=&#8221;on&#8221; align_tablet=&#8221;center&#8221; align_phone=&#8221;&#8221; align_last_edited=&#8221;on|desktop&#8221; admin_label=&#8221;Sponsor Logo&#8221; _builder_version=&#8221;4.16&#8243; locked=&#8221;off&#8221; global_colors_info=&#8221;{}&#8221;][\/et_pb_image][et_pb_image src=&#8221;https:\/\/crp.pt\/wp-content\/uploads\/2020\/06\/coba.jpg&#8221; title_text=&#8221;coba&#8221; url=&#8221;http:\/\/www.cobagroup.com\/&#8221; url_new_window=&#8221;on&#8221; align_tablet=&#8221;center&#8221; align_phone=&#8221;&#8221; align_last_edited=&#8221;on|desktop&#8221; admin_label=&#8221;Sponsor Logo&#8221; _builder_version=&#8221;4.16&#8243; global_colors_info=&#8221;{}&#8221;][\/et_pb_image][et_pb_image src=&#8221;https:\/\/crp.pt\/wp-content\/uploads\/2020\/06\/brisa.jpg&#8221; title_text=&#8221;brisa&#8221; url=&#8221;https:\/\/www.brisa.pt\/pt\/&#8221; url_new_window=&#8221;on&#8221; align_tablet=&#8221;center&#8221; align_phone=&#8221;&#8221; align_last_edited=&#8221;on|desktop&#8221; admin_label=&#8221;Sponsor Logo&#8221; _builder_version=&#8221;4.16&#8243; locked=&#8221;off&#8221; global_colors_info=&#8221;{}&#8221;][\/et_pb_image][et_pb_image src=&#8221;https:\/\/crp.pt\/wp-content\/uploads\/2023\/11\/GC_Logo02CMYK-01.png&#8221; title_text=&#8221;GC_Logo02CMYK-01&#8243; url=&#8221;https:\/\/www.gabrielcouto.pt\/&#8221; url_new_window=&#8221;on&#8221; align_tablet=&#8221;center&#8221; align_phone=&#8221;&#8221; align_last_edited=&#8221;on|desktop&#8221; admin_label=&#8221;Sponsor Logo&#8221; _builder_version=&#8221;4.20.2&#8243; locked=&#8221;off&#8221; global_colors_info=&#8221;{}&#8221;][\/et_pb_image][et_pb_image src=&#8221;https:\/\/crp.pt\/wp-content\/uploads\/2024\/05\/repsol-logo-1-300&#215;248.png&#8221; title_text=&#8221;repsol-logo-1&#8243; url=&#8221;https:\/\/www.repsol.pt\/particulares\/&#8221; url_new_window=&#8221;on&#8221; align_tablet=&#8221;center&#8221; align_phone=&#8221;&#8221; align_last_edited=&#8221;on|desktop&#8221; admin_label=&#8221;Sponsor Logo&#8221; _builder_version=&#8221;4.20.2&#8243; locked=&#8221;off&#8221; global_colors_info=&#8221;{}&#8221;][\/et_pb_image][\/et_pb_column][et_pb_column type=&#8221;1_4&#8243; _builder_version=&#8221;4.20.2&#8243; custom_padding=&#8221;|||&#8221; global_colors_info=&#8221;{}&#8221; custom_padding__hover=&#8221;|||&#8221;][et_pb_image src=&#8221;https:\/\/crp.pt\/wp-content\/uploads\/2020\/06\/ascendi.jpg&#8221; title_text=&#8221;ascendi&#8221; url=&#8221;https:\/\/www.ascendi.pt\/&#8221; url_new_window=&#8221;on&#8221; align_tablet=&#8221;center&#8221; align_phone=&#8221;&#8221; align_last_edited=&#8221;on|desktop&#8221; admin_label=&#8221;Sponsor Logo&#8221; _builder_version=&#8221;4.16&#8243; locked=&#8221;off&#8221; global_colors_info=&#8221;{}&#8221;][\/et_pb_image][et_pb_image src=&#8221;https:\/\/crp.pt\/wp-content\/uploads\/2024\/05\/Logotipo-Teixeira-Duarte-EC-2024-positivo-1-pdf.jpg&#8221; title_text=&#8221;Logotipo Teixeira Duarte EC 2024 &#8211; positivo&#8221; url=&#8221;http:\/\/www.vialitoral.com\/&#8221; url_new_window=&#8221;on&#8221; align_tablet=&#8221;center&#8221; align_phone=&#8221;&#8221; align_last_edited=&#8221;on|desktop&#8221; admin_label=&#8221;Sponsor Logo&#8221; _builder_version=&#8221;4.20.2&#8243; locked=&#8221;off&#8221; global_colors_info=&#8221;{}&#8221;][\/et_pb_image][et_pb_image src=&#8221;https:\/\/crp.pt\/wp-content\/uploads\/2021\/01\/LogoQuadrantev2.png&#8221; title_text=&#8221;LogoQuadrantev2&#8243; url=&#8221;https:\/\/www.quadrante-engenharia.pt\/&#8221; url_new_window=&#8221;on&#8221; align_tablet=&#8221;center&#8221; align_phone=&#8221;&#8221; align_last_edited=&#8221;on|desktop&#8221; admin_label=&#8221;Sponsor Logo&#8221; _builder_version=&#8221;4.16&#8243; locked=&#8221;off&#8221; global_colors_info=&#8221;{}&#8221;][\/et_pb_image][et_pb_image src=&#8221;https:\/\/crp.pt\/wp-content\/uploads\/2023\/11\/JJR.jpg&#8221; title_text=&#8221;JJR&#8221; url=&#8221;https:\/\/www.jjr.pt&#8221; url_new_window=&#8221;on&#8221; align_tablet=&#8221;center&#8221; align_phone=&#8221;&#8221; align_last_edited=&#8221;on|desktop&#8221; admin_label=&#8221;Sponsor Logo&#8221; _builder_version=&#8221;4.20.2&#8243; locked=&#8221;off&#8221; global_colors_info=&#8221;{}&#8221;][\/et_pb_image][et_pb_image src=&#8221;https:\/\/crp.pt\/wp-content\/uploads\/2024\/05\/Logo_Petroiberica-09.12.2015-1-300&#215;208.png&#8221; title_text=&#8221;Logo_Petroib\u00e9rica 09.12.2015&#8243; url=&#8221;http:\/\/www.petroiberica.pt&#8221; url_new_window=&#8221;on&#8221; align_tablet=&#8221;center&#8221; align_phone=&#8221;&#8221; align_last_edited=&#8221;on|desktop&#8221; admin_label=&#8221;Sponsor Logo&#8221; _builder_version=&#8221;4.20.2&#8243; locked=&#8221;off&#8221; global_colors_info=&#8221;{}&#8221;][\/et_pb_image][\/et_pb_column][\/et_pb_row][\/et_pb_section][et_pb_section fb_built=&#8221;1&#8243; admin_label=&#8221;Newsletter Section&#8221; _builder_version=&#8221;4.16&#8243; background_color=&#8221;#f1bf58&#8243; background_enable_image=&#8221;off&#8221; parallax=&#8221;on&#8221; custom_padding=&#8221;50px||30px||false|false&#8221; global_colors_info=&#8221;{}&#8221;][et_pb_row column_structure=&#8221;1_2,1_2&#8243; admin_label=&#8221;Newsletter Area&#8221; _builder_version=&#8221;4.27.0&#8243; locked=&#8221;off&#8221; global_colors_info=&#8221;{}&#8221;][et_pb_column type=&#8221;1_2&#8243; _builder_version=&#8221;4.27.0&#8243; custom_padding=&#8221;|||&#8221; global_colors_info=&#8221;{}&#8221; custom_padding__hover=&#8221;|||&#8221;][et_pb_text admin_label=&#8221;Title&#8221; _builder_version=&#8221;4.27.0&#8243; text_font=&#8221;Nunito Sans||||||||&#8221; text_text_color=&#8221;#efefef&#8221; custom_padding=&#8221;|||&#8221; global_colors_info=&#8221;{}&#8221;]<\/p>\n<h2>Torne-se associado do CRP<\/h2>\n<p>[\/et_pb_text][\/et_pb_column][et_pb_column type=&#8221;1_2&#8243; _builder_version=&#8221;4.16&#8243; custom_padding=&#8221;|||&#8221; global_colors_info=&#8221;{}&#8221; custom_padding__hover=&#8221;|||&#8221;][et_pb_button button_url=&#8221;https:\/\/crp.pt\/wp-content\/uploads\/2024\/07\/Ficha-de-Inscricao-de-Associado_CRP_V2.pdf&#8221; button_text=&#8221;Ficha de Inscri\u00e7\u00e3o&#8221; button_alignment=&#8221;left&#8221; _builder_version=&#8221;4.25.1&#8243; custom_button=&#8221;on&#8221; button_text_color=&#8221;#efefef&#8221; button_bg_color=&#8221;#2d8daa&#8221; button_border_color=&#8221;#2d8daa&#8221; button_font=&#8221;Nunito Sans|600|||||||&#8221; button_icon=&#8221;&#x24;||divi||400&#8243; global_colors_info=&#8221;{}&#8221;][\/et_pb_button][\/et_pb_column][\/et_pb_row][\/et_pb_section]<\/p>\n","protected":false},"excerpt":{"rendered":"<p>Fundado em 1998 por tr\u00eas dezenas de Entidades p\u00fablicas e privadas, o CRP &#8211; Centro Rodoferrovi\u00e1rio Portugu\u00eas &#8211; tem por miss\u00e3o estimular um melhor entendimento da relev\u00e2ncia do Transporte e suas Infraestruturas para o desenvolvimento econ\u00f3mico, para a sustentabilidade ambiental e inclus\u00e3o social, tendo nomeadamente em aten\u00e7\u00e3o a dimens\u00e3o p\u00fablica das pol\u00edticas de Transporte e [&hellip;]<\/p>\n","protected":false},"author":5,"featured_media":0,"parent":0,"menu_order":0,"comment_status":"closed","ping_status":"closed","template":"","meta":{"_et_pb_use_builder":"on","_et_pb_old_content":"","_et_gb_content_width":"","footnotes":""},"class_list":["post-15","page","type-page","status-publish","hentry"],"_links":{"self":[{"href":"https:\/\/crp.pt\/index.php\/wp-json\/wp\/v2\/pages\/15","targetHints":{"allow":["GET"]}}],"collection":[{"href":"https:\/\/crp.pt\/index.php\/wp-json\/wp\/v2\/pages"}],"about":[{"href":"https:\/\/crp.pt\/index.php\/wp-json\/wp\/v2\/types\/page"}],"author":[{"embeddable":true,"href":"https:\/\/crp.pt\/index.php\/wp-json\/wp\/v2\/users\/5"}],"replies":[{"embeddable":true,"href":"https:\/\/crp.pt\/index.php\/wp-json\/wp\/v2\/comments?post=15"}],"version-history":[{"count":140,"href":"https:\/\/crp.pt\/index.php\/wp-json\/wp\/v2\/pages\/15\/revisions"}],"predecessor-version":[{"id":1836,"href":"https:\/\/crp.pt\/index.php\/wp-json\/wp\/v2\/pages\/15\/revisions\/1836"}],"wp:attachment":[{"href":"https:\/\/crp.pt\/index.php\/wp-json\/wp\/v2\/media?parent=15"}],"curies":[{"name":"wp","href":"https:\/\/api.w.org\/{rel}","templated":true}]}}